{"id":1004,"date":"2023-10-11T23:07:57","date_gmt":"2023-10-12T02:07:57","guid":{"rendered":"https:\/\/isfd111-bue.infd.edu.ar\/sitio\/?page_id=1004"},"modified":"2024-11-04T11:17:17","modified_gmt":"2024-11-04T14:17:17","slug":"diseno-curricular-prof-economia","status":"publish","type":"page","link":"https:\/\/isfd111-bue.infd.edu.ar\/sitio\/diseno-curricular-prof-economia\/","title":{"rendered":"Dise\u00f1o Curricular Prof. Econom\u00eda"},"content":{"rendered":"\n<p><a rel=\"noreferrer noopener\" href=\"https:\/\/abc.gob.ar\/secretarias\/sites\/default\/files\/2023-04\/Dise%C3%B1o%20Curricular%20del%20Profesorado%20de%20Educaci%C3%B3n%20Secundaria%20en%20Econom%C3%ADa_0.pdf\" target=\"_blank\">Dise\u00f1o Curricular Profesorado de Econom\u00eda<\/a> &#x1f448;Hac\u00e9 click all\u00ed para acceder al Dise\u00f1o.<\/p>\n\n\n\n<p><strong>Plan de estudios Prof. Econom\u00eda<\/strong><\/p>\n\n\n\n<p><strong>1\u00b0 A\u00f1o<\/strong><\/p>\n\n\n\n<p>Pedagog\u00eda                                                                                                                                                                                                                            Educaci\u00f3n y Trasf Soc Contempor\u00e1neas                                                                                                                                                                                                       ESI (Cuatrimestral)                                                                                                                                                                                                              Cultura Digital y Educaci\u00f3n  (Cuatrimestral)                                                                                                                                                                                                     Matem\u00e1tica Aplicada a las Cs Econ\u00f3micas                                                                                                                                                                              Historia Econ\u00f3mica y Social Mundial                                                                                                                                                                                                    Introducci\u00f3n a la Econom\u00eda Pol\u00edtica                                                                                                                                                                                                Teor\u00eda de las Organizaciones                                                                                                                                                                                               Sistemas de Informaci\u00f3n Contable I                                                                                                                                                                                               Pr\u00e1ctica Docente I Taller\/Terreno (contraturno)<\/p>\n\n\n\n<p><strong>2\u00b0 A\u00f1o<\/strong><\/p>\n\n\n\n<p>Did\u00e1ctica y Curr\u00edculum                                                                                                                                                                                                           Psicolog\u00eda del aprendizaje                                                                                                                                                                                                    An\u00e1lisis de las Instituciones Educativas  (Cuatrimestral)                                                                                                                                                              Pensamiento Pol\u00edtico Latinoamericano                                                                                                                                                                                   Sistemas de Informaci\u00f3n Contable  II                                                                                                                                                                                                                                                             Historia Econ\u00f3mica y Social Argentina                                                                                                                                                                                                        Econom\u00eda Pol\u00edtica I                                                                                                                                                                                                     Administraci\u00f3n                                                                                                                                                                                                                      Elementos del derecho para cs econ\u00f3micas                                                                                                                                                               Herramientas estad\u00edsticas para el an\u00e1lisis econ\u00f3mico                                                                                                                                                                Pr\u00e1ctica Docente II Taller\/Terreno (Contraturno)<\/p>\n\n\n\n<p><strong>3\u00b0 A\u00f1o<\/strong><\/p>\n\n\n\n<p>Pol\u00edtica educativa Argentina                                                                                                                                                                                        Problemas filos\u00f3ficos de la Educaci\u00f3n                                                                                                                                                                    Trayectorias Educativas de j\u00f3venes y adultos (Cuatrimestral)                                                                                                                                                     Econom\u00eda Pol\u00edtica II                                                                                                                                                                                               Sistemas Administrativos                                                                                                                                                                                          Administraci\u00f3n Financiera                                                                                                                                                                                                    An\u00e1lisis de Estados Contables                                                                                                                                                                                                    Did\u00e1ctica de las Cs Econ\u00f3micas                                                                                                                                                                                               Derechos Econ\u00f3micos, Sociales, Culturales y Ambientales (Cuatrimestral)                                                                                                                             Sociolog\u00eda de las Organizaciones (Cuatrimestral)                                                                                                                                                             Pr\u00e1ctica Docente III Taller\/Terreno (Contraturno)<\/p>\n\n\n\n<p><strong>4\u00b0 A\u00f1o<\/strong><\/p>\n\n\n\n<p>Reflexi\u00f3n filos\u00f3fico-pol\u00edtica de la pr\u00e1ctica docente                                                                                                                                                                            Derechos, interculturalidad y ciudadan\u00eda (Cuatrimestral)                                                                                                                                                           EOI (Cuatrimestral)                                                                                                                                                                                                                                                                                                                                        Problemas de la ense\u00f1anza de las cs econ\u00f3micas                                                                                                                                                                  Pol\u00edtica Econ\u00f3mica                                                                                                                                                                                                                       Problem\u00e1ticas de Desarrollo Latinoamericano                                                                                                                                                              Econom\u00eda Pol\u00edtica III                                                                                                                                                                                                                 Dise\u00f1o de Proyectos Organizacionales                                                                                                                                                                                                        EOI (Cuatrimestral)                                                                                                                                                                                                                       Pr\u00e1ctica Docente IV Taller\/Terreno (Contraturno)<\/p>\n","protected":false},"excerpt":{"rendered":"<p>Dise\u00f1o Curricular Profesorado de Econom\u00eda &#x1f448;Hac\u00e9 click all\u00ed para acceder al Dise\u00f1o. Plan de estudios Prof. Econom\u00eda 1\u00b0 A\u00f1o Pedagog\u00eda Educaci\u00f3n y Trasf Soc Contempor\u00e1neas ESI (Cuatrimestral) Cultura Digital y Educaci\u00f3n (Cuatrimestral) Matem\u00e1tica Aplicada a las Cs Econ\u00f3micas Historia Econ\u00f3mica y Social Mundial Introducci\u00f3n a la Econom\u00eda Pol\u00edtica Teor\u00eda de las Organizaciones Sistemas de Informaci\u00f3n &#8230; <a title=\"Dise\u00f1o Curricular Prof. Econom\u00eda\" class=\"read-more\" href=\"https:\/\/isfd111-bue.infd.edu.ar\/sitio\/diseno-curricular-prof-economia\/\" aria-label=\"More on Dise\u00f1o Curricular Prof. Econom\u00eda\">[+]<\/a><\/p>\n","protected":false},"author":13,"featured_media":0,"parent":0,"menu_order":0,"comment_status":"closed","ping_status":"closed","template":"","meta":[],"acf":[],"_links":{"self":[{"href":"https:\/\/isfd111-bue.infd.edu.ar\/sitio\/wp-json\/wp\/v2\/pages\/1004"}],"collection":[{"href":"https:\/\/isfd111-bue.infd.edu.ar\/sitio\/wp-json\/wp\/v2\/pages"}],"about":[{"href":"https:\/\/isfd111-bue.infd.edu.ar\/sitio\/wp-json\/wp\/v2\/types\/page"}],"author":[{"embeddable":true,"href":"https:\/\/isfd111-bue.infd.edu.ar\/sitio\/wp-json\/wp\/v2\/users\/13"}],"replies":[{"embeddable":true,"href":"https:\/\/isfd111-bue.infd.edu.ar\/sitio\/wp-json\/wp\/v2\/comments?post=1004"}],"version-history":[{"count":6,"href":"https:\/\/isfd111-bue.infd.edu.ar\/sitio\/wp-json\/wp\/v2\/pages\/1004\/revisions"}],"predecessor-version":[{"id":1047,"href":"https:\/\/isfd111-bue.infd.edu.ar\/sitio\/wp-json\/wp\/v2\/pages\/1004\/revisions\/1047"}],"wp:attachment":[{"href":"https:\/\/isfd111-bue.infd.edu.ar\/sitio\/wp-json\/wp\/v2\/media?parent=1004"}],"curies":[{"name":"wp","href":"https:\/\/api.w.org\/{rel}","templated":true}]}}