{"id":1052,"date":"2024-11-04T11:30:12","date_gmt":"2024-11-04T14:30:12","guid":{"rendered":"https:\/\/isfd111-bue.infd.edu.ar\/sitio\/?page_id=1052"},"modified":"2024-11-04T11:30:15","modified_gmt":"2024-11-04T14:30:15","slug":"plan-de-estudios-prof-de-educacion-primaria","status":"publish","type":"page","link":"https:\/\/isfd111-bue.infd.edu.ar\/sitio\/plan-de-estudios-prof-de-educacion-primaria\/","title":{"rendered":"Plan de estudios Prof. de Educaci\u00f3n Primaria"},"content":{"rendered":"\n<p><strong>1\u00b0 A\u00f1o<\/strong><\/p>\n\n\n\n<p>Filosof\u00eda<br>Pedagog\u00eda<br>Did\u00e1ctica General<br>Psicol del desarrollo y aprendizaje I<br>Taller de lect, esc y oralidad<br>Taller de pens log matem\u00e0tic<br>T de def inst mediaoambiente<br>An\u00e1lisis Del mund Contempor\u00e1neo<br>Corporeidad y motricidad<br>Arte y educaci\u00f3n<br>Campo de la Practica I (Contraturno)<\/p>\n\n\n\n<p><strong>2\u00b0 A\u00f1o<\/strong><br>Did\u00e1ctica y Curric\u00edculum Nivel Primario<br>Teor\u00edas sociopoliticas y Educaci\u00f3n<br>Psicol del des y aprendizaje II<br>Psicol Social e Institucional<br>Cultura, com. y educaci\u00f3n<br>Educaci\u00f3n Art\u00edstica<br>Did Pract. Del leng y Lit I<br>Did\u00e1ctica de las cs sociales I<br>Did\u00e1ctica de las Cs Nat I<br>Did\u00e1ctica de la Matem\u00e1tica I<br>Taller formativo<br>Campo de la Pr\u00e1ctica II (Contraturno)<\/p>\n\n\n\n<p><strong>3\u00b0 A\u00f1o<\/strong><br>Conf. Cult. Del sujeto de educaci\u00f3n Primaria<br>Hist y prosp del la educaci\u00f3n<br>Pol\u00ectica. Leg. Admin del Trabajo escolar<br>Medios audiov TIC y educaci\u00f3n<br>Educaci\u00f3n f\u00edsica escolar<br>Did Pract. Del leng y Lit II<br>Didact de las cs sociales II<br>Didact de las cs naturales II<br>Didact de la matem\u00e1tica II<br>Taller did\u00e1ctico Arte<br>Campo de la pr\u00e1ctica III (Contraturno)<\/p>\n\n\n\n<p><strong>4\u00b0 A\u00f1o<\/strong><br>Pedagog\u00eda Cr\u00edtica de las diferencias<br>Reflexi\u00f3n filosofica de educaci\u00f3n<br>Dimensi\u00f3n etico pol\u00edtica de educaci\u00f3n<br>Ateneo de practicas del lenguaje  y literatura<br>Ateneo de las Cs. Sociales<br>Ateneo de las Cs. Naturales<br>Ateneo de Matem\u00e1tica<br>Campo de la pr\u00e1ctica IV (Contraturno)<\/p>\n","protected":false},"excerpt":{"rendered":"<p>1\u00b0 A\u00f1o Filosof\u00edaPedagog\u00edaDid\u00e1ctica GeneralPsicol del desarrollo y aprendizaje ITaller de lect, esc y oralidadTaller de pens log matem\u00e0ticT de def inst mediaoambienteAn\u00e1lisis Del mund Contempor\u00e1neoCorporeidad y motricidadArte y educaci\u00f3nCampo de la Practica I (Contraturno) 2\u00b0 A\u00f1oDid\u00e1ctica y Curric\u00edculum Nivel PrimarioTeor\u00edas sociopoliticas y Educaci\u00f3nPsicol del des y aprendizaje IIPsicol Social e InstitucionalCultura, com. y educaci\u00f3nEducaci\u00f3n Art\u00edsticaDid &#8230; <a title=\"Plan de estudios Prof. de Educaci\u00f3n Primaria\" class=\"read-more\" href=\"https:\/\/isfd111-bue.infd.edu.ar\/sitio\/plan-de-estudios-prof-de-educacion-primaria\/\" aria-label=\"More on Plan de estudios Prof. de Educaci\u00f3n Primaria\">[+]<\/a><\/p>\n","protected":false},"author":13,"featured_media":0,"parent":0,"menu_order":0,"comment_status":"closed","ping_status":"closed","template":"","meta":[],"acf":[],"_links":{"self":[{"href":"https:\/\/isfd111-bue.infd.edu.ar\/sitio\/wp-json\/wp\/v2\/pages\/1052"}],"collection":[{"href":"https:\/\/isfd111-bue.infd.edu.ar\/sitio\/wp-json\/wp\/v2\/pages"}],"about":[{"href":"https:\/\/isfd111-bue.infd.edu.ar\/sitio\/wp-json\/wp\/v2\/types\/page"}],"author":[{"embeddable":true,"href":"https:\/\/isfd111-bue.infd.edu.ar\/sitio\/wp-json\/wp\/v2\/users\/13"}],"replies":[{"embeddable":true,"href":"https:\/\/isfd111-bue.infd.edu.ar\/sitio\/wp-json\/wp\/v2\/comments?post=1052"}],"version-history":[{"count":1,"href":"https:\/\/isfd111-bue.infd.edu.ar\/sitio\/wp-json\/wp\/v2\/pages\/1052\/revisions"}],"predecessor-version":[{"id":1054,"href":"https:\/\/isfd111-bue.infd.edu.ar\/sitio\/wp-json\/wp\/v2\/pages\/1052\/revisions\/1054"}],"wp:attachment":[{"href":"https:\/\/isfd111-bue.infd.edu.ar\/sitio\/wp-json\/wp\/v2\/media?parent=1052"}],"curies":[{"name":"wp","href":"https:\/\/api.w.org\/{rel}","templated":true}]}}