{"id":777,"date":"2018-08-29T20:25:46","date_gmt":"2018-08-29T23:25:46","guid":{"rendered":"https:\/\/isfd111-bue.infd.edu.ar\/sitio\/profesorado-en-economia-y-gestion-de-las-organizaciones\/"},"modified":"2023-10-11T22:32:17","modified_gmt":"2023-10-12T01:32:17","slug":"profesorado-en-economia-y-gestion-de-las-organizaciones","status":"publish","type":"page","link":"https:\/\/isfd111-bue.infd.edu.ar\/sitio\/profesorado-en-economia-y-gestion-de-las-organizaciones\/","title":{"rendered":"Profesorado en Econom\u00eda"},"content":{"rendered":"<div id=\"contenido_sitio\">\n<div style=\"text-align: justify;\"><strong>El Profesorado en Econom\u00eda y Gesti\u00f3n<\/strong> incluye aspectos que responden a&nbsp;necesidades de diversos or\u00edgenes, tanto educativos como contextuales. En&nbsp;el mundo actual, los cambios cient\u00edficos y tecnol\u00f3gicos \u2013que se caracterizan&nbsp;por ser constantes y vertiginosos- afectan todos los \u00e1mbitos: educativo,&nbsp;social, econ\u00f3mico, productivo, ecol\u00f3gico, entre otros. Esos cambios&nbsp;requieren, de las organizaciones y de las personas, flexibilidad, capacidad&nbsp;de innovaci\u00f3n para recrear el medio, conocimiento para desarrollar&nbsp;competencias nuevas y aptitudes para implementar metodolog\u00edas que&nbsp;posibiliten \u201caprender a aprender\u201d y \u201caprender a emprender\u201d.<\/div>\n<div style=\"text-align: justify;\">En consecuencia, se pretende formar en esta disciplina, profesionales&nbsp;docentes que comprendan los principales problemas estudiados por la&nbsp;Ciencia Econ\u00f3mica, como Ciencia Social, y el comportamiento de los&nbsp;distintos agentes econ\u00f3micos. Se busca, asimismo, un egresado capaz de&nbsp;participar, intervenir y operar a partir de la apropiaci\u00f3n de contenidos&nbsp;relacionados con procesos econ\u00f3micos y organizacionales, por una parte y,&nbsp;por otra, integrar teor\u00eda y pr\u00e1ctica en procesos propios de distintas&nbsp;organizaciones, adquiriendo as\u00ed competencias para su incorporaci\u00f3n en el&nbsp;mundo del trabajo. A ello se sumar\u00e1 el reconocimiento de la importancia de&nbsp;la informaci\u00f3n adecuada para la toma de decisiones y la aplicaci\u00f3n solvente&nbsp;de conocimientos tecnol\u00f3gicos y matem\u00e1ticos en el manejo de la<\/div>\n<div style=\"text-align: justify;\">perspectiva econ\u00f3mico-organizacional.<\/div>\n<div style=\"text-align: justify;\">Considerando la futura tarea del alumno, resulta imprescindible la&nbsp;implementaci\u00f3n de metodolog\u00edas que valoricen la interacci\u00f3n grupal como&nbsp;motor de los procesos de ense\u00f1anza y de aprendizaje, la consulta de&nbsp;diversidad de fuentes para una mejor comprensi\u00f3n del objeto de estudio y&nbsp;el aprendizaje significativo. Se espera lograr, as\u00ed, un docente con la&nbsp;capacidad necesaria para operar efectivamente en la transposici\u00f3n did\u00e1ctica&nbsp;de los contenidos.<\/div>\n<div style=\"text-align: justify;\">Los contenidos espec\u00edficos se han organizado en torno de los siguientes&nbsp;ejes:<\/div>\n<div style=\"text-align: justify;\">\n<ul>\n<li>Perspectiva de la Gesti\u00f3n Organizacional. Involucra en su tem\u00e1tica el&nbsp;desarrollo de conocimientos acerca de teor\u00eda de las organizaciones,&nbsp;sociolog\u00eda, informaci\u00f3n contable y administraci\u00f3n de recursos humanos.<\/li>\n<li>Perspectiva Econ\u00f3mica. Integra contenidos tales como geograf\u00eda&nbsp;econ\u00f3mica, metodolog\u00eda de la investigaci\u00f3n, micro- y macroeconom\u00eda e&nbsp;historia del pensamiento econ\u00f3mico, adem\u00e1s de los fundamentos te\u00f3ricos&nbsp;pertinentes.<\/li>\n<li>Perspectiva Matem\u00e1tica. Con finalidad instrumental, desarrolla cuestiones&nbsp;relacionadas con estad\u00edsticas y finanzas.&nbsp;<\/li>\n<li>Perspectiva Pol\u00edtico-Jur\u00eddica. Da cuenta del ordenamiento pol\u00edtico y&nbsp;normativo de los aspectos laborales y comerciales.<\/li>\n<\/ul>\n<\/div>\n<div style=\"text-align: justify;\">&nbsp;<\/div>\n<\/div>\n","protected":false},"excerpt":{"rendered":"<p>El Profesorado en Econom\u00eda y Gesti\u00f3n incluye aspectos que responden a&nbsp;necesidades de diversos or\u00edgenes, tanto educativos como contextuales. En&nbsp;el mundo actual, los cambios cient\u00edficos y tecnol\u00f3gicos \u2013que se caracterizan&nbsp;por ser constantes y vertiginosos- afectan todos los \u00e1mbitos: educativo,&nbsp;social, econ\u00f3mico, productivo, ecol\u00f3gico, entre otros. Esos cambios&nbsp;requieren, de las organizaciones y de las personas, flexibilidad, capacidad&nbsp;de innovaci\u00f3n &#8230; <a title=\"Profesorado en Econom\u00eda\" class=\"read-more\" href=\"https:\/\/isfd111-bue.infd.edu.ar\/sitio\/profesorado-en-economia-y-gestion-de-las-organizaciones\/\" aria-label=\"More on Profesorado en Econom\u00eda\">[+]<\/a><\/p>\n","protected":false},"author":124,"featured_media":0,"parent":0,"menu_order":0,"comment_status":"closed","ping_status":"closed","template":"","meta":[],"acf":[],"_links":{"self":[{"href":"https:\/\/isfd111-bue.infd.edu.ar\/sitio\/wp-json\/wp\/v2\/pages\/777"}],"collection":[{"href":"https:\/\/isfd111-bue.infd.edu.ar\/sitio\/wp-json\/wp\/v2\/pages"}],"about":[{"href":"https:\/\/isfd111-bue.infd.edu.ar\/sitio\/wp-json\/wp\/v2\/types\/page"}],"author":[{"embeddable":true,"href":"https:\/\/isfd111-bue.infd.edu.ar\/sitio\/wp-json\/wp\/v2\/users\/124"}],"replies":[{"embeddable":true,"href":"https:\/\/isfd111-bue.infd.edu.ar\/sitio\/wp-json\/wp\/v2\/comments?post=777"}],"version-history":[{"count":1,"href":"https:\/\/isfd111-bue.infd.edu.ar\/sitio\/wp-json\/wp\/v2\/pages\/777\/revisions"}],"predecessor-version":[{"id":986,"href":"https:\/\/isfd111-bue.infd.edu.ar\/sitio\/wp-json\/wp\/v2\/pages\/777\/revisions\/986"}],"wp:attachment":[{"href":"https:\/\/isfd111-bue.infd.edu.ar\/sitio\/wp-json\/wp\/v2\/media?parent=777"}],"curies":[{"name":"wp","href":"https:\/\/api.w.org\/{rel}","templated":true}]}}