{"id":781,"date":"2018-08-29T20:25:47","date_gmt":"2018-08-29T23:25:47","guid":{"rendered":"https:\/\/isfd111-bue.infd.edu.ar\/sitio\/informacion-para-alumnos\/"},"modified":"2023-10-11T22:58:29","modified_gmt":"2023-10-12T01:58:29","slug":"informacion-para-alumnos","status":"publish","type":"page","link":"https:\/\/isfd111-bue.infd.edu.ar\/sitio\/informacion-para-alumnos\/","title":{"rendered":"Informaci\u00f3n para alumnos"},"content":{"rendered":"<ul>\n<li><span style=\"font-family: verdana,geneva; font-size: 10pt;\">Condiciones de regularidad <\/span><\/li>\n<li><span style=\"font-family: verdana,geneva; font-size: 10pt;\">Reincorporaciones <\/span><\/li>\n<li><span style=\"font-family: verdana,geneva; font-size: 10pt;\">Inscripci\u00f3n en a\u00f1os subsiguientes<\/span><\/li>\n<li><span style=\"font-family: arial,helvetica,sans-serif;\"><span style=\"font-size: 10pt;\"><span style=\"font-family: verdana,geneva;\">Normativas generales, <\/span><\/span><\/span><\/li>\n<li><span style=\"font-family: arial,helvetica,sans-serif;\"><span style=\"font-size: 10pt;\"><span style=\"font-family: verdana,geneva;\">Reglamento org\u00e1nico, etc.<\/span><br \/>\n<\/span><\/span><\/li>\n<\/ul>\n","protected":false},"excerpt":{"rendered":"<p>Condiciones de regularidad Reincorporaciones Inscripci\u00f3n en a\u00f1os subsiguientes Normativas generales, Reglamento org\u00e1nico, etc.<\/p>\n","protected":false},"author":124,"featured_media":0,"parent":0,"menu_order":0,"comment_status":"closed","ping_status":"closed","template":"","meta":[],"acf":[],"_links":{"self":[{"href":"https:\/\/isfd111-bue.infd.edu.ar\/sitio\/wp-json\/wp\/v2\/pages\/781"}],"collection":[{"href":"https:\/\/isfd111-bue.infd.edu.ar\/sitio\/wp-json\/wp\/v2\/pages"}],"about":[{"href":"https:\/\/isfd111-bue.infd.edu.ar\/sitio\/wp-json\/wp\/v2\/types\/page"}],"author":[{"embeddable":true,"href":"https:\/\/isfd111-bue.infd.edu.ar\/sitio\/wp-json\/wp\/v2\/users\/124"}],"replies":[{"embeddable":true,"href":"https:\/\/isfd111-bue.infd.edu.ar\/sitio\/wp-json\/wp\/v2\/comments?post=781"}],"version-history":[{"count":1,"href":"https:\/\/isfd111-bue.infd.edu.ar\/sitio\/wp-json\/wp\/v2\/pages\/781\/revisions"}],"predecessor-version":[{"id":1003,"href":"https:\/\/isfd111-bue.infd.edu.ar\/sitio\/wp-json\/wp\/v2\/pages\/781\/revisions\/1003"}],"wp:attachment":[{"href":"https:\/\/isfd111-bue.infd.edu.ar\/sitio\/wp-json\/wp\/v2\/media?parent=781"}],"curies":[{"name":"wp","href":"https:\/\/api.w.org\/{rel}","templated":true}]}}