{"id":824,"date":"2018-08-29T20:25:59","date_gmt":"2018-08-29T23:25:59","guid":{"rendered":"https:\/\/isfd111-bue.infd.edu.ar\/sitio\/autoridades\/"},"modified":"2023-10-11T23:41:32","modified_gmt":"2023-10-12T02:41:32","slug":"autoridades","status":"publish","type":"page","link":"https:\/\/isfd111-bue.infd.edu.ar\/sitio\/autoridades\/","title":{"rendered":"Autoridades"},"content":{"rendered":"<h2><span style=\"font-size: 12pt;\" data-mce-mark=\"1\">\u00a0<\/span><\/h2>\n<p style=\"text-align: left;\"><span style=\"font-family: verdana,geneva;\" data-mce-mark=\"1\"><span style=\"font-size: 12pt;\" data-mce-mark=\"1\"><span style=\"color: #000000;\" data-mce-mark=\"1\">Directora Institucional: <\/span><\/span><\/span><span style=\"color: #993366; font-size: 14pt; font-family: verdana,geneva;\" data-mce-mark=\"1\"><span style=\"color: #0000ff;\">Prof. Paula Carnero<\/span><\/span><\/p>\n<p style=\"text-align: left;\"><span style=\"color: #993366; font-size: 14pt; font-family: verdana,geneva;\" data-mce-mark=\"1\"><span style=\"color: #993366; font-size: 14pt; font-family: verdana,geneva;\" data-mce-mark=\"1\"><span style=\"color: #000000; font-size: 12pt;\" data-mce-mark=\"1\">Vicedirectora Institucional: <\/span><\/span><\/span><span style=\"color: #993366; font-size: 14pt; font-family: verdana,geneva;\" data-mce-mark=\"1\"><span style=\"color: #0000ff;\">Prof. Fanny Leguizam\u00f3n<\/span><\/span><\/p>\n<p><span style=\"font-size: 12pt;\" data-mce-mark=\"1\">Secretario:<\/span><span style=\"font-size: 14pt; font-family: verdana,geneva;\" data-mce-mark=\"1\"> <span style=\"color: #0000ff;\"><span style=\"font-size: 14pt; font-family: verdana,geneva;\" data-mce-mark=\"1\"><span style=\"font-size: 14pt; font-family: verdana,geneva;\" data-mce-mark=\"1\"><span style=\"font-size: 14pt; font-family: verdana,geneva;\" data-mce-mark=\"1\">Prof. Omar Mouri\u00f1o<\/span><\/span><\/span><\/span><\/span><\/p>\n<p><span style=\"font-size: 12pt; font-family: verdana, geneva;\" data-mce-mark=\"1\">Prosecretaria: <\/span><span style=\"font-size: 14pt; font-family: verdana,geneva;\" data-mce-mark=\"1\"><span style=\"font-size: 14pt; font-family: verdana,geneva;\" data-mce-mark=\"1\"><span style=\"font-size: 14pt; font-family: verdana,geneva;\" data-mce-mark=\"1\"><span style=\"font-size: 14pt; font-family: verdana, geneva; color: #0000ff;\" data-mce-mark=\"1\">Prof. Marisa Celia Portiello<\/span><\/span><\/span><\/span><\/p>\n<p><span style=\"font-size: 14pt; color: #993366; font-family: verdana,geneva;\" data-mce-mark=\"1\"><span style=\"font-size: 14pt; color: #993366; font-family: verdana,geneva;\" data-mce-mark=\"1\"><span style=\"color: #000000;\" data-mce-mark=\"1\">J<\/span><\/span><\/span><span style=\"font-size: 12pt;\" data-mce-mark=\"1\"><span style=\"color: #993366; font-family: verdana, geneva;\" data-mce-mark=\"1\"><span style=\"color: #000000;\" data-mce-mark=\"1\">efe de \u00c1rea<\/span> <\/span><span style=\"color: #000000; font-family: verdana, geneva;\" data-mce-mark=\"1\"><span style=\"font-family: verdana, geneva;\" data-mce-mark=\"1\"><span style=\"color: #000000;\">Profesorado\u00a0 de\u00a0 Econom\u00eda:<\/span> <\/span><\/span><\/span><span style=\"font-size: 14pt; color: #993366; font-family: verdana,geneva;\" data-mce-mark=\"1\"><span style=\"font-size: 14pt; color: #0000ff; font-family: verdana, geneva;\" data-mce-mark=\"1\">Prof.\u00a0 Marcelo Soria<\/span><\/span><\/p>\n<p><span style=\"font-family: verdana,geneva;\" data-mce-mark=\"1\"><span style=\"font-family: verdana,geneva;\" data-mce-mark=\"1\"><span style=\"font-family: verdana,geneva;\" data-mce-mark=\"1\"><span style=\"font-size: 12pt;\" data-mce-mark=\"1\">Jefa de\u00a0 \u00c1rea <\/span><\/span><\/span><span style=\"font-family: verdana, geneva; font-size: 12pt;\" data-mce-mark=\"1\"><span style=\"font-family: verdana,geneva;\" data-mce-mark=\"1\"><span style=\"font-family: verdana,geneva;\" data-mce-mark=\"1\">Profesorado de Ciencia Pol\u00edtica<\/span>: <\/span><\/span><\/span><span style=\"font-size: 14pt; color: #993366; font-family: verdana,geneva;\"><span style=\"color: #0000ff;\">Prof. Mar\u00eda Julieta de Sande\u00a0<\/span><\/span><\/p>\n","protected":false},"excerpt":{"rendered":"<p>\u00a0 Directora Institucional: Prof. Paula Carnero Vicedirectora Institucional: Prof. Fanny Leguizam\u00f3n Secretario: Prof. Omar Mouri\u00f1o Prosecretaria: Prof. Marisa Celia Portiello Jefe de \u00c1rea Profesorado\u00a0 de\u00a0 Econom\u00eda: Prof.\u00a0 Marcelo Soria Jefa de\u00a0 \u00c1rea Profesorado de Ciencia Pol\u00edtica: Prof. Mar\u00eda Julieta de Sande\u00a0<\/p>\n","protected":false},"author":124,"featured_media":0,"parent":0,"menu_order":0,"comment_status":"closed","ping_status":"closed","template":"","meta":[],"acf":[],"_links":{"self":[{"href":"https:\/\/isfd111-bue.infd.edu.ar\/sitio\/wp-json\/wp\/v2\/pages\/824"}],"collection":[{"href":"https:\/\/isfd111-bue.infd.edu.ar\/sitio\/wp-json\/wp\/v2\/pages"}],"about":[{"href":"https:\/\/isfd111-bue.infd.edu.ar\/sitio\/wp-json\/wp\/v2\/types\/page"}],"author":[{"embeddable":true,"href":"https:\/\/isfd111-bue.infd.edu.ar\/sitio\/wp-json\/wp\/v2\/users\/124"}],"replies":[{"embeddable":true,"href":"https:\/\/isfd111-bue.infd.edu.ar\/sitio\/wp-json\/wp\/v2\/comments?post=824"}],"version-history":[{"count":2,"href":"https:\/\/isfd111-bue.infd.edu.ar\/sitio\/wp-json\/wp\/v2\/pages\/824\/revisions"}],"predecessor-version":[{"id":1017,"href":"https:\/\/isfd111-bue.infd.edu.ar\/sitio\/wp-json\/wp\/v2\/pages\/824\/revisions\/1017"}],"wp:attachment":[{"href":"https:\/\/isfd111-bue.infd.edu.ar\/sitio\/wp-json\/wp\/v2\/media?parent=824"}],"curies":[{"name":"wp","href":"https:\/\/api.w.org\/{rel}","templated":true}]}}