{"id":835,"date":"2018-08-29T20:26:03","date_gmt":"2018-08-29T23:26:03","guid":{"rendered":"https:\/\/isfd111-bue.infd.edu.ar\/sitio\/profesorado-de-ciencias-politicas\/"},"modified":"2024-11-04T11:00:11","modified_gmt":"2024-11-04T14:00:11","slug":"profesorado-de-ciencias-politicas","status":"publish","type":"page","link":"https:\/\/isfd111-bue.infd.edu.ar\/sitio\/profesorado-de-ciencias-politicas\/","title":{"rendered":"Profesorado  de  Ciencia Pol\u00edtica"},"content":{"rendered":"<p style=\"text-align: center;\"><span style=\"color: #ff6600; font-size: 14pt;\">Profesorado\u00a0 de\u00a0 Ciencia Pol\u00edtica<\/span><\/p>\n<p style=\"text-align: justify;\"><span style=\"font-family: verdana,geneva; font-size: 10pt;\">El Profesorado en Ciencias\u00a0 Pol\u00edticas tiene como objetivo principal formar docentes\u00a0 competentes. \u00a0Con s\u00f3lidos conocimientos pedag\u00f3gicos,\u00a0atentos a los cambios y transformaciones propios de nuestra\u00a0tarea cotidiana y comprometidos con la realidad socio-cultural de nuestro pa\u00eds, con un perfil abierto a las necesidades de los otros en el mundo que nos toca transitar.<\/span><\/p>\n<p style=\"text-align: justify; margin-right: 20px;\"><span style=\"font-family: verdana,geneva; font-size: 10pt;\">Nos preocupa una formaci\u00f3n integral e integrada que se cristaliza a partir de dos ejes vertebradores:\u00a0<\/span><\/p>\n<ul style=\"text-align: justify;\">\n<li>\n<p style=\"margin-right: 20px;\"><span style=\"font-family: verdana,geneva; font-size: 10pt;\">la formaci\u00f3n pedag\u00f3gica que involucra la preparaci\u00f3n en la actividad de la ense\u00f1anza a trav\u00e9s del abordaje de las diferentes metodolog\u00edas que conforman el quehacer \u00e1ulico;\u00a0<\/span><\/p>\n<\/li>\n<li><span style=\"font-family: verdana,geneva; font-size: 10pt;\">En nuestro escenario de acci\u00f3n cada uno de nuestros alumnos son los protagonistas de este trabajo en equipo que llevamos a cabo junto con los\u00a0docentes, y en el cual tenemos como meta en com\u00fan la adquisici\u00f3n de las competencias necesarias para desarrollar con responsabilidad y eficiencia nuestra tarea.<\/span><\/li>\n<\/ul>\n<p style=\"text-align: justify; margin-right: 20px;\"><span style=\"font-family: verdana,geneva; font-size: 10pt;\">Por esta finalidad es que construimos espacios de participaci\u00f3n en los que desarrollamos Proyectos Interdisciplinarios\u00a0con otras \u00c2reas y Carreras, Proyectos Comunitarios que permitan a nuestros estudiantes conocer y trabajar en\u00a0 instituciones con distintas realidades socioecon\u00f3micas brindando lo que saben hacer al servicio del que m\u00e1s lo necesita.<\/span><\/p>\n<p style=\"text-align: center; margin-right: 20px;\"><span style=\"font-family: verdana,geneva; font-size: 10pt;\"><a title=\"Dise\u00f1o Curricular  CP\" href=\"upload\/1329799modifpor358100.pdf\" target=\"_blank\" rel=\"noopener\">\u00a0Dise\u00f1o curricular <\/a><\/span><\/p>\n<p style=\"text-align: center; margin-right: 20px;\"><span style=\"font-family: verdana,geneva; font-size: 10pt;\"><a title=\"Dise\u00f1o Curricular  CP\" href=\"upload\/1329799modifpor358100.pdf\" target=\"_blank\" rel=\"noopener\">Ciencias\u00a0 Pol\u00edticas<\/a><\/span><\/p>\n","protected":false},"excerpt":{"rendered":"<p>Profesorado\u00a0 de\u00a0 Ciencia Pol\u00edtica El Profesorado en Ciencias\u00a0 Pol\u00edticas tiene como objetivo principal formar docentes\u00a0 competentes. \u00a0Con s\u00f3lidos conocimientos pedag\u00f3gicos,\u00a0atentos a los cambios y transformaciones propios de nuestra\u00a0tarea cotidiana y comprometidos con la realidad socio-cultural de nuestro pa\u00eds, con un perfil abierto a las necesidades de los otros en el mundo que nos toca transitar. &#8230; <a title=\"Profesorado  de  Ciencia Pol\u00edtica\" class=\"read-more\" href=\"https:\/\/isfd111-bue.infd.edu.ar\/sitio\/profesorado-de-ciencias-politicas\/\" aria-label=\"More on Profesorado  de  Ciencia Pol\u00edtica\">[+]<\/a><\/p>\n","protected":false},"author":124,"featured_media":0,"parent":0,"menu_order":0,"comment_status":"closed","ping_status":"closed","template":"","meta":[],"acf":[],"_links":{"self":[{"href":"https:\/\/isfd111-bue.infd.edu.ar\/sitio\/wp-json\/wp\/v2\/pages\/835"}],"collection":[{"href":"https:\/\/isfd111-bue.infd.edu.ar\/sitio\/wp-json\/wp\/v2\/pages"}],"about":[{"href":"https:\/\/isfd111-bue.infd.edu.ar\/sitio\/wp-json\/wp\/v2\/types\/page"}],"author":[{"embeddable":true,"href":"https:\/\/isfd111-bue.infd.edu.ar\/sitio\/wp-json\/wp\/v2\/users\/124"}],"replies":[{"embeddable":true,"href":"https:\/\/isfd111-bue.infd.edu.ar\/sitio\/wp-json\/wp\/v2\/comments?post=835"}],"version-history":[{"count":2,"href":"https:\/\/isfd111-bue.infd.edu.ar\/sitio\/wp-json\/wp\/v2\/pages\/835\/revisions"}],"predecessor-version":[{"id":1045,"href":"https:\/\/isfd111-bue.infd.edu.ar\/sitio\/wp-json\/wp\/v2\/pages\/835\/revisions\/1045"}],"wp:attachment":[{"href":"https:\/\/isfd111-bue.infd.edu.ar\/sitio\/wp-json\/wp\/v2\/media?parent=835"}],"curies":[{"name":"wp","href":"https:\/\/api.w.org\/{rel}","templated":true}]}}